{"id":18,"date":"2014-08-08T11:11:07","date_gmt":"2014-08-08T10:11:07","guid":{"rendered":"http:\/\/www.psychee.org\/gorpedia\/?page_id=18"},"modified":"2024-05-05T22:05:47","modified_gmt":"2024-05-05T21:05:47","slug":"infos-legales","status":"publish","type":"page","link":"https:\/\/www.psychee.org\/gorpedia\/infos-legales\/","title":{"rendered":"Infos l\u00e9gales-legal infos"},"content":{"rendered":"<h2>Donn\u00e9es l\u00e9gales<\/h2>\n<p align=\"left\">\u00a9 2004-2024 Axelle \u00ab Psychee \u00bb Bouet,\u00a0 et ayants droits et contributeurs de ce blog.<\/p>\n<p>Le contenu des pages qui suivent appartient \u00e0 leurs ayants droits et auteurs <a href=\"http:\/\/fr.wikipedia.org\/wiki\/Droit_d%27auteur\">selon les lois du droit d\u2019auteur.<\/a><\/p>\n<p>Vous \u00eates autoris\u00e9s \u00e0 citer ou copier le contenu de ce blog, \u00e0 usage non-commercial, mais uniquement en contactant les ayants-droits pour leur permission.<\/p>\n<p>The text of this web site is released under the <a href=\"http:\/\/www.gnu.org\/copyleft\/fdl.html\">GNU Free Documentation License.<\/a><\/p>\n<p><a href=\"mailto:%20psychee@psychee.org\">Contact the webmaster.<\/a><\/p>\n<p align=\"left\"><strong>Work in progress<\/strong><\/p>\n<p>(C\u2019est un blog, id est c\u2019est <strong>TOUJOURS<\/strong> en travaux, surtout avec moi)<\/p>\n<p>***<\/p>\n<p>\u00a9 2004-2024 Axelle \u201cPsychee\u201d Bouet, and assignees and contributors to this blog.<\/p>\n<p>The content of the following pages is the property of their copyright holders and authors.<\/p>\n<p>You are authorized to quote or copy the content of this blog, for non-commercial use, but only by contacting the copyright holders for permission.<\/p>\n<p>The text of this web site is released under the<a href=\"https:\/\/www.gnu.org\/licenses\/fdl-1.3.en.html\" target=\"_blank\" rel=\"noopener\"> GNU Free Documentation License<\/a>.<\/p>\n<p><a href=\"psychee@psychee.org\" target=\"_blank\" rel=\"noopener\">Contact the webmaster.<\/a><\/p>\n<p>&nbsp;<\/p>\n","protected":false},"excerpt":{"rendered":"<p>Donn\u00e9es l\u00e9gales \u00a9 2004-2024 Axelle \u00ab Psychee \u00bb Bouet,\u00a0 et ayants droits et contributeurs de ce blog. Le contenu des<\/p>\n","protected":false},"author":1,"featured_media":0,"parent":0,"menu_order":0,"comment_status":"open","ping_status":"open","template":"","meta":{"colormag_page_container_layout":"default_layout","colormag_page_sidebar_layout":"default_layout","advanced_seo_description":"","jetpack_seo_html_title":"","jetpack_seo_noindex":false,"jetpack_post_was_ever_published":false,"footnotes":""},"class_list":["post-18","page","type-page","status-publish","hentry"],"jetpack_sharing_enabled":true,"jetpack_shortlink":"https:\/\/wp.me\/P4SFN2-i","jetpack_likes_enabled":true,"jetpack-related-posts":[{"id":8,"url":"https:\/\/www.psychee.org\/gorpedia\/accueil\/","url_meta":{"origin":18,"position":0},"title":"Accueil &#038; quelques mots des auteurs","author":"psychee","date":"8 August 2014","format":false,"excerpt":"Soyez les bienvenus sur les pages des Archives Gor\u00e9ennes. C'est un titre un peu pompeux, dans la mesure o\u00f9 nous ne pourrions et n'allons pas pr\u00e9tendre pouvoir \u00e9crire une encyclop\u00e9die compl\u00e8te sur le monde de Gor, m\u00eame \u00e0 destination de son usage premier, et principal, ici : fournir une base\u2026","rel":"","context":"Similar post","block_context":{"text":"Similar post","link":""},"img":{"alt_text":"","src":"https:\/\/i0.wp.com\/www.psychee.org\/gorpedia\/wp-content\/uploads\/2014\/08\/blog241.jpg?fit=990%2C409&ssl=1&resize=350%2C200","width":350,"height":200,"srcset":"https:\/\/i0.wp.com\/www.psychee.org\/gorpedia\/wp-content\/uploads\/2014\/08\/blog241.jpg?fit=990%2C409&ssl=1&resize=350%2C200 1x, https:\/\/i0.wp.com\/www.psychee.org\/gorpedia\/wp-content\/uploads\/2014\/08\/blog241.jpg?fit=990%2C409&ssl=1&resize=525%2C300 1.5x, https:\/\/i0.wp.com\/www.psychee.org\/gorpedia\/wp-content\/uploads\/2014\/08\/blog241.jpg?fit=990%2C409&ssl=1&resize=700%2C400 2x"},"classes":[]},{"id":13,"url":"https:\/\/www.psychee.org\/gorpedia\/gor-resume\/","url_meta":{"origin":18,"position":1},"title":"Gor: r\u00e9sum\u00e9","author":"psychee","date":"8 August 2014","format":false,"excerpt":"R\u00e9sum\u00e9 du concept de Gor, la Contre-Terre : Gor est peupl\u00e9 de diverses peuplades antiques, et de cr\u00e9atures \u00e9tranges venues d'autres plan\u00e8tes r\u00e9unies par les Voyages d\u2019Acquisition d\u2019une esp\u00e8ce extra-terrestre tr\u00e8s avanc\u00e9e que les gor\u00e9ens connaissent sous l\u2019appellation Pr\u00eatres-Rois. Les Pr\u00eatres-Rois, une race myst\u00e9rieuse capable de grandes prouesses technologiques, et\u2026","rel":"","context":"With 3 comments","block_context":{"text":"With 3 comments","link":"https:\/\/www.psychee.org\/gorpedia\/gor-resume\/#comments"},"img":{"alt_text":"","src":"https:\/\/i0.wp.com\/www.psychee.org\/gorpedia\/wp-content\/uploads\/2014\/08\/blog121.jpg?fit=990%2C409&ssl=1&resize=350%2C200","width":350,"height":200,"srcset":"https:\/\/i0.wp.com\/www.psychee.org\/gorpedia\/wp-content\/uploads\/2014\/08\/blog121.jpg?fit=990%2C409&ssl=1&resize=350%2C200 1x, https:\/\/i0.wp.com\/www.psychee.org\/gorpedia\/wp-content\/uploads\/2014\/08\/blog121.jpg?fit=990%2C409&ssl=1&resize=525%2C300 1.5x, https:\/\/i0.wp.com\/www.psychee.org\/gorpedia\/wp-content\/uploads\/2014\/08\/blog121.jpg?fit=990%2C409&ssl=1&resize=700%2C400 2x"},"classes":[]},{"id":10,"url":"https:\/\/www.psychee.org\/gorpedia\/les-auteurs\/","url_meta":{"origin":18,"position":2},"title":"Les auteurs","author":"psychee","date":"8 August 2014","format":false,"excerpt":"-Psych\u00e9e- Axelle \u00ab\u00a0Psych\u00e9e\u00a0\u00bb Bouet, illustratrice et romanci\u00e8re, auteur des Chants de Loss. Fran\u00e7aise vivant en Suisse, \u00e0 Collonges dans le canton du Valais. \u00c2g\u00e9e officiellement de 43 ans, je le pr\u00e9cise ici parce que dans ma t\u00eate, l\u2019impression de ne pas arriver \u00e0 d\u00e9passer la post-adolescence me semble acquise, je\u2026","rel":"","context":"Similar post","block_context":{"text":"Similar post","link":""},"img":{"alt_text":"","src":"https:\/\/i0.wp.com\/www.psychee.org\/gorpedia\/wp-content\/uploads\/2019\/09\/octogone-2017-1024x726.jpg?fit=1024%2C726&ssl=1&resize=350%2C200","width":350,"height":200,"srcset":"https:\/\/i0.wp.com\/www.psychee.org\/gorpedia\/wp-content\/uploads\/2019\/09\/octogone-2017-1024x726.jpg?fit=1024%2C726&ssl=1&resize=350%2C200 1x, https:\/\/i0.wp.com\/www.psychee.org\/gorpedia\/wp-content\/uploads\/2019\/09\/octogone-2017-1024x726.jpg?fit=1024%2C726&ssl=1&resize=525%2C300 1.5x, https:\/\/i0.wp.com\/www.psychee.org\/gorpedia\/wp-content\/uploads\/2019\/09\/octogone-2017-1024x726.jpg?fit=1024%2C726&ssl=1&resize=700%2C400 2x"},"classes":[]}],"_links":{"self":[{"href":"https:\/\/www.psychee.org\/gorpedia\/wp-json\/wp\/v2\/pages\/18","targetHints":{"allow":["GET"]}}],"collection":[{"href":"https:\/\/www.psychee.org\/gorpedia\/wp-json\/wp\/v2\/pages"}],"about":[{"href":"https:\/\/www.psychee.org\/gorpedia\/wp-json\/wp\/v2\/types\/page"}],"author":[{"embeddable":true,"href":"https:\/\/www.psychee.org\/gorpedia\/wp-json\/wp\/v2\/users\/1"}],"replies":[{"embeddable":true,"href":"https:\/\/www.psychee.org\/gorpedia\/wp-json\/wp\/v2\/comments?post=18"}],"version-history":[{"count":3,"href":"https:\/\/www.psychee.org\/gorpedia\/wp-json\/wp\/v2\/pages\/18\/revisions"}],"predecessor-version":[{"id":953,"href":"https:\/\/www.psychee.org\/gorpedia\/wp-json\/wp\/v2\/pages\/18\/revisions\/953"}],"wp:attachment":[{"href":"https:\/\/www.psychee.org\/gorpedia\/wp-json\/wp\/v2\/media?parent=18"}],"curies":[{"name":"wp","href":"https:\/\/api.w.org\/{rel}","templated":true}]}}