{"id":8,"date":"2014-08-08T10:21:43","date_gmt":"2014-08-08T09:21:43","guid":{"rendered":"http:\/\/www.psychee.org\/gorpedia\/?page_id=8"},"modified":"2019-09-05T11:13:34","modified_gmt":"2019-09-05T10:13:34","slug":"accueil","status":"publish","type":"page","link":"https:\/\/www.psychee.org\/gorpedia\/accueil\/","title":{"rendered":"Accueil &#038; quelques mots des auteurs"},"content":{"rendered":"<h2 style=\"text-align: justify;\">Soyez les bienvenus sur les pages des Archives Gor\u00e9ennes.<\/h2>\n<p style=\"text-align: justify;\">C&#8217;est un titre un peu pompeux, dans la mesure o\u00f9 nous ne pourrions et n&#8217;allons pas pr\u00e9tendre pouvoir \u00e9crire une encyclop\u00e9die compl\u00e8te sur le monde de Gor, m\u00eame \u00e0 destination de son usage premier, et principal, ici : fournir une base de donn\u00e9es et d&#8217;informations pour les joueurs de jeu de r\u00f4le des univers persistants et sims du jeu Second Life. Mais cependant, nous allons tenter de vous offrir le plus grand nombre possible de donn\u00e9es, d&#8217;articles, et de ressources sur l&#8217;univers imagin\u00e9 par John Norman, en tentant de rester fid\u00e8le \u00e0 ce qu&#8217;il a \u00e9crit, tout en nous permettant aussi de remplir les nombreux blancs que ses romans ont pu laisser dans son travail de fond, et dans un univers complexe, parfois ardu, et particuli\u00e8rement riche.<\/p>\n<p style=\"text-align: justify;\">Bref, nous allons prendre Gor pour ce qu&#8217;il est avant tout, et se d\u00e9finit ici : un univers de jeu de r\u00f4le, o\u00f9 des centaines de participants se plongent r\u00e9guli\u00e8rement, et vivent des histoires passionnantes tous ensemble.<\/p>\n<p style=\"text-align: justify;\">Comme ceci est un blog, vous pourrez donc trouver \u00e0 la droite de votre \u00e9cran, les derniers billets post\u00e9s. Les cat\u00e9gories du site, en haut, vous permettent une navigation th\u00e9matique compl\u00e8te, \u00e0 la recherche des articles qui auront votre int\u00e9r\u00eat. Vous y trouverez aussi une navigation sur les pages statiques du blog, avec, entre autres, <a href=\"https:\/\/www.psychee.org\/gorpedia\/?page_id=13\">une pr\u00e9sentation g\u00e9n\u00e9rale du monde de Gor<\/a>, <a href=\"https:\/\/www.psychee.org\/gorpedia\/?page_id=10\">des auteurs<\/a>, ainsi que<a href=\"https:\/\/www.psychee.org\/gorpedia\/?page_id=18\"> des informations l\u00e9gales<\/a>, et du lien vers cette page d&#8217;accueil.<\/p>\n<h1 style=\"text-align: justify;\">Nota bene :<\/h1>\n<p>Les infos contenues dans ce blog sont, en g\u00e9n\u00e9ral, des recherches et recoupements d&#8217;infos directement issues des romans de Norman, ou d\u00e9riv\u00e9es de celles-ci quand il fallait d\u00e9velopper un sujet non abord\u00e9. Il ne s&#8217;y trouve peu, si ce n&#8217;est pas, de notes \u00e9crites en jeu sur SL (les notecard), et quand c&#8217;est le cas, elles ont \u00e9t\u00e9 v\u00e9rifi\u00e9es \u00e0 partir de la source la plus directe : les romans de Gor. C&#8217;est la seule r\u00e9f\u00e9rence valid\u00e9e et prise en compte dans ces pages, \u00e0 l&#8217;exclusion de toute autre source.<\/p>\n<h1 style=\"text-align: justify;\">Quelques mots de l&#8217;h\u00e9bergeuse de ces pages :<\/h1>\n<p style=\"text-align: justify;\">J&#8217;ai mis un long moment \u00e0 me d\u00e9cider sur la cr\u00e9ation de ce blog. Son id\u00e9e doit dater d&#8217;il y a plus de deux ans, c&#8217;est dire. Nous y voici enfin, et j&#8217;attends avec impatience les contributeurs qui viendront participer \u00e0 enrichir le contenu du blog.<\/p>\n<p style=\"text-align: justify;\">Mais si je m&#8217;exprime ici, c&#8217;est pour d\u00e9finir exactement le but de ces pages, car le sujet suscite bien des passions, et bien des pol\u00e9miques, comme l&#8217;auteur des romans lui-m\u00eame. Ces pages n&#8217;ont aucune vertu ni aucun but de faire l&#8217;\u00e9loge des concepts, th\u00e9ories, et de la philosophie sur laquelle reposent les \u00e9crits de John Norman. Mon souhait est de parler d&#8217;un univers qui sert de cadre, de d\u00e9cor, de contexte, \u00e0 des pratiquants de JDR sur ordinateur, sans m&#8217;attarder aux d\u00e9rives que suscitent certains pratiquants RL de ces philosophies.<\/p>\n<p style=\"text-align: justify;\">\u00c7a me ferait mal, je suis notoirement f\u00e9ministe, franchement humaniste, et farouchement oppos\u00e9e \u00e0 l&#8217;id\u00e9e d&#8217;esclavagisme.<\/p>\n<p style=\"text-align: justify;\">\u00c7a semble \u00e9vident, mais c&#8217;est toujours mieux de le pr\u00e9ciser : je n&#8217;accorde aucun cr\u00e9dit aux th\u00e9ories accol\u00e9es \u00e0 l&#8217;univers et aux concepts de Gor. Ici, nous allons parler de l&#8217;univers lui-m\u00eame, dans le but unique de pouvoir s&#8217;amuser et pratiquer cette activit\u00e9 agr\u00e9able qui consiste \u00e0 jouer au jeu de r\u00f4le dans cet univers. Sa richesse, sa profondeur, sa complexit\u00e9 en g\u00e9n\u00e9rale, en font un d\u00e9cor passionnant, teint\u00e9 d&#8217;\u00e9rotisme, d&#8217;exotisme, et de d\u00e9couvertes, qui, malheureusement, dispose de bien peu de ressources \u00e9crites en fran\u00e7ais, \u00e0 destination des joueurs n&#8217;\u00e9tant pas accoutum\u00e9 \u00e0 la langue de Shakespeare. Je m&#8217;en excuse d&#8217;avance pour les pratiquants de bantous, ou de serbo-croate, mais moi, \u00e0 part l&#8217;anglais, et encore, je ne vais pas loin.<\/p>\n<p style=\"text-align: justify;\">Je ne peux pas encore vous dire quelle sera la p\u00e9riodicit\u00e9 des articles \u00e0 venir, cela d\u00e9pendra du nombre et de la bonne volont\u00e9 des futurs contributeurs. Mais j&#8217;ai un peu d&#8217;avance sur quelques articles, et pas mal de ressources, donc de quoi commencer \u00e0 vous fournir des informations.<\/p>\n<p style=\"text-align: justify;\">Concernant le contenu, encore une fois, il sera impossible d&#8217;\u00eatre : 1) Exhaustifs, 2) exacts.<\/p>\n<p style=\"text-align: justify;\">Pourquoi ? Parce que Norman ne l&#8217;\u00e9tait pas non plus, tout simplement ! Ce qui rend donc la t\u00e2che un peu difficile. Il y aura donc forc\u00e9ment des incertitudes, ainsi que des \u00e9l\u00e9ments flous, d&#8217;autres qui tiendront plus de la th\u00e8se, que de la donn\u00e9e exacte. Oui, je prendrai la libert\u00e9 de parfois d\u00e9velopper des aspects que Norman n&#8217;a qu&#8217;esquiss\u00e9, ou pass\u00e9 sous silence dans ses romans. Oui, nous allons donc aussi inventer, sur les bases de ce qui a d\u00e9j\u00e0 \u00e9t\u00e9 \u00e9crit, en le compl\u00e9tant. Et parfois, il nous faudra m\u00eame partir un peu de z\u00e9ro. Et je ne sais pas vous, mais, enfin, je n&#8217;ai pas la science infuse, donc, il y a m\u00eame des sujets, des d\u00e9tails, pour lesquels il me sera difficile d&#8217;\u00e9crire quoi que ce soit.<\/p>\n<p style=\"text-align: justify;\">Mais j&#8217;esp\u00e8re de tout c\u0153ur que notre travail arrivera \u00e0 r\u00e9pondre \u00e0 vos questions, vous int\u00e9resser, vous amuser, et surtout, vous permettre d&#8217;aller vous \u00e9clater et jouer le r\u00f4le qui vous fait envie et comme vous en avez envie, sur les univers de JDR de Gor. C&#8217;est tout le mal que je vous souhaite !<\/p>\n<p style=\"text-align: justify;\">Psych\u00e9e.<\/p>\n","protected":false},"excerpt":{"rendered":"<p>Soyez les bienvenus sur les pages des Archives Gor\u00e9ennes. C&#8217;est un titre un peu pompeux, dans la mesure o\u00f9 nous<\/p>\n","protected":false},"author":1,"featured_media":5,"parent":0,"menu_order":0,"comment_status":"open","ping_status":"open","template":"","meta":{"colormag_page_container_layout":"default_layout","colormag_page_sidebar_layout":"default_layout","advanced_seo_description":"","jetpack_seo_html_title":"","jetpack_seo_noindex":false,"jetpack_post_was_ever_published":false,"footnotes":""},"class_list":["post-8","page","type-page","status-publish","has-post-thumbnail","hentry"],"jetpack_sharing_enabled":true,"jetpack_shortlink":"https:\/\/wp.me\/P4SFN2-8","jetpack_likes_enabled":true,"jetpack-related-posts":[{"id":13,"url":"https:\/\/www.psychee.org\/gorpedia\/gor-resume\/","url_meta":{"origin":8,"position":0},"title":"Gor: r\u00e9sum\u00e9","author":"psychee","date":"8 August 2014","format":false,"excerpt":"R\u00e9sum\u00e9 du concept de Gor, la Contre-Terre : Gor est peupl\u00e9 de diverses peuplades antiques, et de cr\u00e9atures \u00e9tranges venues d'autres plan\u00e8tes r\u00e9unies par les Voyages d\u2019Acquisition d\u2019une esp\u00e8ce extra-terrestre tr\u00e8s avanc\u00e9e que les gor\u00e9ens connaissent sous l\u2019appellation Pr\u00eatres-Rois. Les Pr\u00eatres-Rois, une race myst\u00e9rieuse capable de grandes prouesses technologiques, et\u2026","rel":"","context":"With 3 comments","block_context":{"text":"With 3 comments","link":"https:\/\/www.psychee.org\/gorpedia\/gor-resume\/#comments"},"img":{"alt_text":"","src":"https:\/\/i0.wp.com\/www.psychee.org\/gorpedia\/wp-content\/uploads\/2014\/08\/blog121.jpg?fit=990%2C409&ssl=1&resize=350%2C200","width":350,"height":200,"srcset":"https:\/\/i0.wp.com\/www.psychee.org\/gorpedia\/wp-content\/uploads\/2014\/08\/blog121.jpg?fit=990%2C409&ssl=1&resize=350%2C200 1x, https:\/\/i0.wp.com\/www.psychee.org\/gorpedia\/wp-content\/uploads\/2014\/08\/blog121.jpg?fit=990%2C409&ssl=1&resize=525%2C300 1.5x, https:\/\/i0.wp.com\/www.psychee.org\/gorpedia\/wp-content\/uploads\/2014\/08\/blog121.jpg?fit=990%2C409&ssl=1&resize=700%2C400 2x"},"classes":[]},{"id":10,"url":"https:\/\/www.psychee.org\/gorpedia\/les-auteurs\/","url_meta":{"origin":8,"position":1},"title":"Les auteurs","author":"psychee","date":"8 August 2014","format":false,"excerpt":"-Psych\u00e9e- Axelle \u00ab\u00a0Psych\u00e9e\u00a0\u00bb Bouet, illustratrice et romanci\u00e8re, auteur des Chants de Loss. Fran\u00e7aise vivant en Suisse, \u00e0 Collonges dans le canton du Valais. \u00c2g\u00e9e officiellement de 43 ans, je le pr\u00e9cise ici parce que dans ma t\u00eate, l\u2019impression de ne pas arriver \u00e0 d\u00e9passer la post-adolescence me semble acquise, je\u2026","rel":"","context":"Similar post","block_context":{"text":"Similar post","link":""},"img":{"alt_text":"","src":"https:\/\/i0.wp.com\/www.psychee.org\/gorpedia\/wp-content\/uploads\/2019\/09\/octogone-2017-1024x726.jpg?fit=1024%2C726&ssl=1&resize=350%2C200","width":350,"height":200,"srcset":"https:\/\/i0.wp.com\/www.psychee.org\/gorpedia\/wp-content\/uploads\/2019\/09\/octogone-2017-1024x726.jpg?fit=1024%2C726&ssl=1&resize=350%2C200 1x, https:\/\/i0.wp.com\/www.psychee.org\/gorpedia\/wp-content\/uploads\/2019\/09\/octogone-2017-1024x726.jpg?fit=1024%2C726&ssl=1&resize=525%2C300 1.5x, https:\/\/i0.wp.com\/www.psychee.org\/gorpedia\/wp-content\/uploads\/2019\/09\/octogone-2017-1024x726.jpg?fit=1024%2C726&ssl=1&resize=700%2C400 2x"},"classes":[]},{"id":18,"url":"https:\/\/www.psychee.org\/gorpedia\/infos-legales\/","url_meta":{"origin":8,"position":2},"title":"Infos l\u00e9gales-legal infos","author":"psychee","date":"8 August 2014","format":false,"excerpt":"Donn\u00e9es l\u00e9gales \u00a9 2004-2024 Axelle \u00ab Psychee \u00bb Bouet,\u00a0 et ayants droits et contributeurs de ce blog. Le contenu des pages qui suivent appartient \u00e0 leurs ayants droits et auteurs selon les lois du droit d\u2019auteur. Vous \u00eates autoris\u00e9s \u00e0 citer ou copier le contenu de ce blog, \u00e0 usage\u2026","rel":"","context":"With 1 comment","block_context":{"text":"With 1 comment","link":"https:\/\/www.psychee.org\/gorpedia\/infos-legales\/#comments"},"img":{"alt_text":"","src":"","width":0,"height":0},"classes":[]}],"_links":{"self":[{"href":"https:\/\/www.psychee.org\/gorpedia\/wp-json\/wp\/v2\/pages\/8","targetHints":{"allow":["GET"]}}],"collection":[{"href":"https:\/\/www.psychee.org\/gorpedia\/wp-json\/wp\/v2\/pages"}],"about":[{"href":"https:\/\/www.psychee.org\/gorpedia\/wp-json\/wp\/v2\/types\/page"}],"author":[{"embeddable":true,"href":"https:\/\/www.psychee.org\/gorpedia\/wp-json\/wp\/v2\/users\/1"}],"replies":[{"embeddable":true,"href":"https:\/\/www.psychee.org\/gorpedia\/wp-json\/wp\/v2\/comments?post=8"}],"version-history":[{"count":12,"href":"https:\/\/www.psychee.org\/gorpedia\/wp-json\/wp\/v2\/pages\/8\/revisions"}],"predecessor-version":[{"id":207,"href":"https:\/\/www.psychee.org\/gorpedia\/wp-json\/wp\/v2\/pages\/8\/revisions\/207"}],"wp:featuredmedia":[{"embeddable":true,"href":"https:\/\/www.psychee.org\/gorpedia\/wp-json\/wp\/v2\/media\/5"}],"wp:attachment":[{"href":"https:\/\/www.psychee.org\/gorpedia\/wp-json\/wp\/v2\/media?parent=8"}],"curies":[{"name":"wp","href":"https:\/\/api.w.org\/{rel}","templated":true}]}}